{"id":2123,"date":"2024-12-23T07:50:11","date_gmt":"2024-12-23T07:50:11","guid":{"rendered":"https:\/\/hfittings.com\/?post_type=product&#038;p=2123"},"modified":"2025-12-20T01:49:12","modified_gmt":"2025-12-20T01:49:12","slug":"kohlenstoffstahl-krummer","status":"publish","type":"product","link":"https:\/\/hfittings.com\/de\/product\/carbon-steel-elbow\/","title":{"rendered":"Ellenbogen aus Kohlenstoffstahl"},"content":{"rendered":"<h1><strong>Kohlenstoffstahl <\/strong><strong>Ellenbogen <\/strong><strong>ASTM A234 WPB 90 Grad nahtlos und geschwei\u00dft\u00a0<\/strong><\/h1>\n<p>Ellenbogen sind unerl\u00e4sslich <strong>Rohrformst\u00fccke<\/strong> werden zur Richtungs\u00e4nderung von Rohren in verschiedenen Rohrleitungssystemen verwendet. Diese Formst\u00fccke werden hergestellt aus <strong>Kohlenstoffstahl<\/strong>ein starkes und haltbares Material, das f\u00fcr seine Verschlei\u00df- und Korrosionsbest\u00e4ndigkeit bekannt ist. Ganz gleich, ob Sie die Richtung Ihrer Rohre um 90 Grad oder 45 Grad \u00e4ndern oder die Gr\u00f6\u00dfe des Rohrs verringern m\u00fcssen, B\u00f6gen bieten zuverl\u00e4ssige, langlebige L\u00f6sungen. Sie werden h\u00e4ufig in folgenden Branchen eingesetzt <strong>\u00d6l und Gas<\/strong>, <strong>Konstruktion<\/strong>, <strong>Kraftwerke<\/strong>, <strong>Wasseraufbereitung<\/strong>und mehr.<\/p>\n<h3><img decoding=\"async\" src=\"Daten:image\/jpeg;base64,\/9j\/4QAsRXhpZgAASUkqAAgAAAABADwBAgAJAAAAGgAAAAAAAABpbWFnZXJ5NAAA\/+wAEUR1Y2t5AAEABAAAAB4AAP\/uAA5BZG9iZQBkwAAAAAH\/2wCEABALCwsMCxAMDBAXDw0PFxsUEBAUGx8XFxcXFx8eFxoaGhoXHh4jJSclIx4vLzMzLy9AQEBAQEBAQEBAQEBAQEABEQ8PERMRFRISFRQRFBEUGhQWFhQaJhoaHBoaJjAjHh4eHiMwKy4nJycuKzU1MDA1NUBAP0BAQEBAQEBAQEBAQP\/AABEIAaQCAAMBIgACEQEDEQH\/xACFAAEAAgMBAQAAAAAAAAAAAAAAAwQBAgUGBwEBAQEAAAAAAAAAAAAAAAAAAAECEAACAQMCBAQDBQYFAwQDAAAAAQIRAwQhMUFREgVhcSIGgTITkaGxQlLB0WJyIxThgpIzB0MkFbJTNBbw8cIRAQEBAQEBAQAAAAAAAAAAAAABEUExIWH\/2gAMAwEAAhEDEQA\/APoAAAAAAAAAAAAAAAAAAAAAAAAAMGspxgqzaiubA3BFC\/ZuOkJxk+SepIBkAAAAAAAAAAAAAAAAAAAAAAAAAAAAAAAAAAAAAAAAAAAAAAAAAAAAAAAAAAAAAAAAAAAAAAAAAAAAANW0lV6JcTS9ft2IOdx0XLmed7j3mdzqjGVIcIr9oHTze7wspxstOX6nt8EcHJ7nkXKuU+t\/YvsKF7Lcm22VLmQUXv72XVVNxmvHVfFHW7Z7ncJKznPqtvRXuMf5ufmeSuX01R\/AjeStObWpB9XjKM4qUWpRaqmtmjY8L7Z9yLFurBy5f9rcdLc3\/wBKT4fys9ytgMgAAAAAAAAAAAAAAAAAAAAAAAAGraSq3RLiBsYPNd796YPb27OMv7i+uKfoT8+J4vuXuvu+e2rl927b\/wCnb9K+4D6bk927biaZGTbttcHJV+woT94+34Nr+5rTlGX7j5S7s5tuUm34sdTbpTYfB9S\/+7dh\/wDdn\/oZvD3h2Sekbk3\/AJT5\" alt=\"Kohlenstoffstahl-Kr\u00fcmmer\" \/><\/h3>\n<h3>Was ist ein Rohrkr\u00fcmmer?<\/h3>\n<p><strong>Rohrkr\u00fcmmer<\/strong> verbindet zwei Rohrabschnitte und erm\u00f6glicht eine Richtungs\u00e4nderung des Rohrs. Diese Rohrb\u00f6gen sind f\u00fcr hohen Druck und hohe Temperaturen ausgelegt und eignen sich daher f\u00fcr eine Vielzahl von Anwendungen. Rohrb\u00f6gen gibt es in verschiedenen Ausf\u00fchrungen, darunter <strong>90-Grad-Ellenbogen<\/strong>, <strong>45-Grad-Ellenbogen<\/strong>und <strong>Reduzierkr\u00fcmmer<\/strong>und erm\u00f6glicht so Flexibilit\u00e4t in verschiedenen Rohrleitungssystemen.<\/p>\n<p>Die Bogen werden nach hohen Industriestandards hergestellt, wie z. B. <strong>ASTM A234 WPB<\/strong> f\u00fcr Druckrohrleitungssysteme, die Festigkeit, Zuverl\u00e4ssigkeit und Haltbarkeit gew\u00e4hrleisten.<\/p>\n<h3>Arten von Kr\u00fcmmern<\/h3>\n<h4>1. <strong>Nahtloser Ellenbogen<\/strong><\/h4>\n<p><strong>Nahtloser Ellbogen<\/strong> ist aus einem einzigen St\u00fcck Stahl ohne Schwei\u00dfn\u00e4hte gefertigt. Diese Konstruktion macht den Bogen st\u00e4rker und haltbarer und bietet eine bessere Druckbest\u00e4ndigkeit. Nahtlose Rohrb\u00f6gen werden f\u00fcr Anwendungen verwendet, die eine hohe mechanische Festigkeit erfordern.<\/p>\n<h4>2. <strong>Ellenbogen schwei\u00dfen<\/strong><\/h4>\n<p><strong>Winkelst\u00fcck schwei\u00dfen<\/strong> wird durch Schwei\u00dfen mit dem Rohr verbunden. Dadurch entsteht eine leckagefreie Dichtung. Schwei\u00dfb\u00f6gen sind in verschiedenen Winkeln und Radien erh\u00e4ltlich, darunter <strong>90-Grad-Ellenbogen<\/strong>, <strong>45-Grad-Ellenbogen<\/strong>und <strong>langer Radius<\/strong> oder <strong>Kr\u00fcmmer mit kurzem Radius<\/strong>. Geschwei\u00dfte Rohrb\u00f6gen werden h\u00e4ufig verwendet, wenn eine dauerhafte, sichere Verbindung erforderlich ist.<\/p>\n<h4>3. <strong>Ellenbogen mit langem Radius<\/strong><\/h4>\n<p><strong>Kr\u00fcmmer mit langem Radius (LR-Kr\u00fcmmer)<\/strong> hat einen Biegeradius, der das 1,5-fache des Rohrdurchmessers betr\u00e4gt. Diese B\u00f6gen sind f\u00fcr einen reibungslosen Fl\u00fcssigkeitsstrom ausgelegt und eignen sich ideal, wenn Sie den Druckverlust minimieren und einen effizienten Fluss im System aufrechterhalten m\u00f6chten.<\/p>\n<h4>4. <strong>Kurzer Radius Ellenbogen<\/strong><\/h4>\n<p>Die <strong>Kr\u00fcmmer mit kurzem Radius (SR-Kr\u00fcmmer)<\/strong> hat einen kleineren Biegeradius, der dem Durchmesser des Rohres entspricht. Er wird in engen R\u00e4umen verwendet, wo eine scharfe Kurve erforderlich ist. Obwohl sie kompakter sind, k\u00f6nnen B\u00f6gen mit kurzem Radius im Vergleich zu B\u00f6gen mit langem Radius einen h\u00f6heren Str\u00f6mungswiderstand erzeugen.<\/p>\n<h4>5. <strong>90-Grad-Winkel<\/strong><\/h4>\n<p>Die <strong>90-Grad-Winkelst\u00fcck<\/strong> ist einer der gebr\u00e4uchlichsten Rohrbogen-Typen. Er \u00e4ndert die Richtung des Rohrs um 90 Grad, was bei scharfen Kurven in der Rohrleitung n\u00fctzlich ist. Sie k\u00f6nnen w\u00e4hlen zwischen einem <strong>langer Radius<\/strong> oder <strong>kurzer Radius<\/strong> je nach Platz- und Str\u00f6mungsbedarf.<\/p>\n<h4>6. <strong>45-Grad-Winkel<\/strong><\/h4>\n<p><strong>45-Grad-Ellbogen<\/strong> wird verwendet, wenn das Rohr seine Richtung um 45 Grad \u00e4ndern muss. Diese Art von Bogen bietet einen gleichm\u00e4\u00dfigeren Durchfluss im Vergleich zu einem 90-Grad-Bogen und wird in der Regel in Systemen verwendet, die moderate Richtungs\u00e4nderungen erfordern.<\/p>\n<h4>7. <strong>Reduzierkr\u00fcmmer<\/strong><\/h4>\n<p><strong>Ellbogen verkleinern<\/strong> ist f\u00fcr die Verbindung von Rohren unterschiedlicher Gr\u00f6\u00dfe konzipiert. Es erm\u00f6glicht eine \u00c4nderung sowohl der Richtung als auch des Rohrdurchmessers, wodurch ein gleichm\u00e4\u00dfiger Durchfluss bei gleichzeitiger Reduzierung der Rohrgr\u00f6\u00dfe gew\u00e4hrleistet wird.<\/p>\n<h3>Beschichtungsoptionen f\u00fcr Rohrb\u00f6gen aus Kohlenstoffstahl<\/h3>\n<p>Kr\u00fcmmer k\u00f6nnen beschichtet werden, um ihre Korrosionsbest\u00e4ndigkeit zu erh\u00f6hen und ihre Lebensdauer zu verl\u00e4ngern. Einige g\u00e4ngige Beschichtungsoptionen sind:<\/p>\n<h4>1. <strong>Schwarzmalerei Ellenbogen<\/strong><\/h4>\n<p><strong>Schwarzmalerei<\/strong> ist eine kosteng\u00fcnstige Beschichtungsoption, die dazu beitr\u00e4gt, Rohrb\u00f6gen vor Rost und Korrosion zu sch\u00fctzen. Sie wird in der Regel in allgemeinen industriellen Anwendungen eingesetzt, bei denen die Rohrb\u00f6gen Feuchtigkeit oder Schmutz ausgesetzt sind.<\/p>\n<h4>2. <strong>PE-Beschichtung Ellenbogen<\/strong><\/h4>\n<p><strong>PE (Polyethylen)-Beschichtung<\/strong> wird h\u00e4ufig auf Kr\u00fcmmer f\u00fcr Au\u00dfenanwendungen aufgetragen. Es bildet eine Schutzbarriere gegen Feuchtigkeit und Chemikalien und sorgt daf\u00fcr, dass das Winkelst\u00fcck unter rauen Bedingungen l\u00e4nger h\u00e4lt.<\/p>\n<h4>3. <strong>Verzinktes Winkelst\u00fcck<\/strong><\/h4>\n<p>A <strong>verzinkter Kr\u00fcmmer<\/strong> ist mit Zink beschichtet, um Rost und Korrosion zu verhindern. Diese Beschichtung ist besonders n\u00fctzlich in Umgebungen, in denen die Rohrb\u00f6gen Feuchtigkeit oder Chemikalien ausgesetzt sind, und tr\u00e4gt zur Verl\u00e4ngerung ihrer Lebensdauer bei.<\/p>\n<h3>Vorteile der Ellenbogen<\/h3>\n<ul>\n<li><strong>Dauerhaftigkeit<\/strong>: Rohrb\u00f6gen sind f\u00fcr eine lange Lebensdauer ausgelegt und halten hohen Dr\u00fccken, Temperaturen und Verschlei\u00df stand.<\/li>\n<li><strong>Kosteng\u00fcnstig<\/strong>: Im Vergleich zu anderen Materialien wie <strong>rostfreier Stahl<\/strong> oder <strong>legierter Stahl<\/strong>Kr\u00fcmmer aus Kohlenstoffstahl sind erschwinglicher und bieten zuverl\u00e4ssige Leistung zu niedrigeren Kosten.<\/li>\n<li><strong>Vielseitigkeit<\/strong>: Die in einer breiten Palette von Gr\u00f6\u00dfen, Winkeln und Beschichtungen erh\u00e4ltlichen Rohrb\u00f6gen k\u00f6nnen f\u00fcr jedes Rohrleitungssystem individuell angepasst werden.<\/li>\n<li><strong>Korrosionsbest\u00e4ndigkeit<\/strong>: Schutzbeschichtungen wie <strong>Verzinkung<\/strong> und <strong>PE-Beschichtung<\/strong> sch\u00fctzen die Kr\u00fcmmer vor Rost und Korrosion und verl\u00e4ngern ihre Lebensdauer.<\/li>\n<\/ul>\n<h3>Normen und Zertifizierungen<\/h3>\n<p>Die Rohrb\u00f6gen werden nach internationalen Normen hergestellt, um hohe Qualit\u00e4t und Leistung zu gew\u00e4hrleisten. Einige der wichtigsten Normen sind:<\/p>\n<ul>\n<li><strong>ASTM A234 WPB<\/strong>: Diese Spezifikation betrifft die Herstellung von <strong>Ellenbogen<\/strong> und Armaturen, die in Druckrohrleitungssystemen verwendet werden. Sie stellt sicher, dass die Rohrb\u00f6gen strenge mechanische und ma\u00dfliche Anforderungen erf\u00fcllen.<\/li>\n<li><strong>ASME B16.9<\/strong>: Diese Norm legt die Spezifikationen f\u00fcr werkseitig hergestellte <strong>Stumpfschwei\u00dffittings<\/strong>einschlie\u00dflich Kr\u00fcmmer. Es enth\u00e4lt Einzelheiten zu Abmessungen, Toleranzen und Druck-Temperatur-Bewertungen f\u00fcr diese Fittings.<\/li>\n<\/ul>\n<h3>Anwendungen von Rohrb\u00f6gen<\/h3>\n<p>Rohrb\u00f6gen werden in einer Vielzahl von Branchen eingesetzt, unter anderem in der Automobilindustrie:<\/p>\n<ul>\n<li><strong>\u00d6l und Gas<\/strong>: F\u00fcr den Transport von \u00d6l, Gas und anderen Fl\u00fcssigkeiten durch Pipelines.<\/li>\n<li><strong>Stromerzeugung<\/strong>: In Kraftwerken zur Verbindung verschiedener Rohrleitungsabschnitte.<\/li>\n<li><strong>Wasseraufbereitung<\/strong>: In Anlagen zur Wasser- und Abwasseraufbereitung.<\/li>\n<li><strong>Bauwesen<\/strong>: F\u00fcr HLK-Systeme, Sanit\u00e4ranlagen und andere mechanische Installationen.<\/li>\n<\/ul>\n<h3>Schlussfolgerung<\/h3>\n<p>Ellenbogen sind entscheidend <strong>Rohrformst\u00fccke<\/strong> die f\u00fcr Festigkeit, Haltbarkeit und Flexibilit\u00e4t in Rohrleitungssystemen sorgen. Ob Sie ben\u00f6tigen <strong>90-Grad-Ellenbogen<\/strong>, <strong>45-Grad-Ellenbogen<\/strong>, oder <strong>Reduzierkr\u00fcmmer<\/strong>Diese Armaturen sind f\u00fcr den Einsatz in Umgebungen mit hohem Druck und hohen Temperaturen ausgelegt. Mit Beschichtungen wie <strong>Schwarzmalerei<\/strong>, <strong>PE-Beschichtung<\/strong>und <strong>Verzinkung<\/strong>Kr\u00fcmmer bieten lang anhaltenden Schutz vor Korrosion.<\/p>\n<p>Wenn Sie auf der Suche nach qualitativ hochwertigen Kr\u00fcmmern sind, die den Industrienormen entsprechen, wie <strong>ASTM A234 WPB<\/strong> und <strong>ASME B16.9<\/strong>W\u00e4hlen Sie einen vertrauensw\u00fcrdigen Lieferanten, der eine Reihe von Gr\u00f6\u00dfen, Beschichtungen und Konfigurationen anbietet, um den Anforderungen Ihres Projekts gerecht zu werden.B\u00f6gen aus Kohlenstoffstahl sind nach wie vor die erste Wahl f\u00fcr <strong>zuverl\u00e4ssig, kosteneffizient<\/strong>und Hochleistungsrohrsysteme f\u00fcr verschiedene Branchen.<\/p>\n<p>&nbsp;<\/p>","protected":false},"excerpt":{"rendered":"<h3><strong>ASTM A234 WPB 90 Grad nahtloser Winkel<\/strong><\/h3>\n<h4>Kontaktieren Sie uns f\u00fcr Preise f\u00fcr weitere Gr\u00f6\u00dfen<\/h4>\n<p>Gr\u00f6\u00dfe: 1\/2\"~80\", DN15~DN2000<\/p>\n<p>Zeitplan: Sch 20, 40, STD, 80, 160, XXS<\/p>\n<p>Bezeichnungen: ASTM \/ ASME A234, A860, A420<\/p>\n<p>Klasse: WPB\/C, WPHY 42, 46, 52, 60, 65, 70, WPL 3, 6, 9<\/p>\n<p>Typ: Nahtloser Bogen und geschwei\u00dfter Bogen<\/p>\n<h4><strong>Kontaktieren Sie uns f\u00fcr weitere Preisnachl\u00e4sse\uff01<\/strong><\/h4>","protected":false},"featured_media":2174,"comment_status":"open","ping_status":"closed","template":"","meta":{"_gspb_post_css":""},"product_brand":[397],"product_cat":[133],"product_tag":[421,420,419],"class_list":{"0":"post-2123","1":"product","2":"type-product","3":"status-publish","4":"has-post-thumbnail","6":"product_brand-hfittings","7":"product_cat-carbon-steel-pipe-fittings","8":"product_tag-a234-wpb-elbow","9":"product_tag-butt-weld-elbow","10":"product_tag-carbon-steel-elbow","12":"first","13":"instock","14":"sale","15":"shipping-taxable","16":"purchasable","17":"product-type-variable"},"_links":{"self":[{"href":"https:\/\/hfittings.com\/de\/wp-json\/wp\/v2\/product\/2123","targetHints":{"allow":["GET"]}}],"collection":[{"href":"https:\/\/hfittings.com\/de\/wp-json\/wp\/v2\/product"}],"about":[{"href":"https:\/\/hfittings.com\/de\/wp-json\/wp\/v2\/types\/product"}],"replies":[{"embeddable":true,"href":"https:\/\/hfittings.com\/de\/wp-json\/wp\/v2\/comments?post=2123"}],"wp:featuredmedia":[{"embeddable":true,"href":"https:\/\/hfittings.com\/de\/wp-json\/wp\/v2\/media\/2174"}],"wp:attachment":[{"href":"https:\/\/hfittings.com\/de\/wp-json\/wp\/v2\/media?parent=2123"}],"wp:term":[{"taxonomy":"product_brand","embeddable":true,"href":"https:\/\/hfittings.com\/de\/wp-json\/wp\/v2\/product_brand?post=2123"},{"taxonomy":"product_cat","embeddable":true,"href":"https:\/\/hfittings.com\/de\/wp-json\/wp\/v2\/product_cat?post=2123"},{"taxonomy":"product_tag","embeddable":true,"href":"https:\/\/hfittings.com\/de\/wp-json\/wp\/v2\/product_tag?post=2123"}],"curies":[{"name":"wp","href":"https:\/\/api.w.org\/{rel}","templated":true}]}}